{"id":4211,"date":"2024-03-08T05:42:15","date_gmt":"2024-03-08T05:42:15","guid":{"rendered":"https:\/\/eventos.frecuenciageek.com\/?page_id=4211"},"modified":"2024-04-23T17:02:50","modified_gmt":"2024-04-23T22:02:50","slug":"acerca-de-nosotros","status":"publish","type":"page","link":"https:\/\/eventos.frecuenciageek.com\/index.php\/acerca-de-nosotros\/","title":{"rendered":"Acerca de nosotros"},"content":{"rendered":"\t\t<div data-elementor-type=\"wp-page\" data-elementor-id=\"4211\" class=\"elementor elementor-4211\">\n\t\t\t\t\t\t<section class=\"elementor-section elementor-top-section elementor-element elementor-element-1ed6520 elementor-section-boxed elementor-section-height-default elementor-section-height-default rt-parallax-bg-no\" data-id=\"1ed6520\" data-element_type=\"section\" data-e-type=\"section\">\n\t\t\t\t\t\t<div class=\"elementor-container elementor-column-gap-default\">\n\t\t\t\t\t<div class=\"elementor-column elementor-col-33 elementor-top-column elementor-element elementor-element-a37575b\" data-id=\"a37575b\" data-element_type=\"column\" data-e-type=\"column\">\n\t\t\t<div class=\"elementor-widget-wrap elementor-element-populated\">\n\t\t\t\t\t\t<div class=\"elementor-element elementor-element-e194c7d elementor-widget elementor-widget-image\" data-id=\"e194c7d\" data-element_type=\"widget\" data-e-type=\"widget\" data-widget_type=\"image.default\">\n\t\t\t\t<div class=\"elementor-widget-container\">\n\t\t\t\t\t\t\t\t\t\t\t\t\t\t\t<img fetchpriority=\"high\" decoding=\"async\" width=\"1200\" height=\"900\" src=\"https:\/\/eventos.frecuenciageek.com\/wp-content\/uploads\/2024\/02\/427555667_928484425946153_1780754591719638744_n.jpg\" class=\"attachment-large size-large wp-image-3600\" alt=\"\" srcset=\"https:\/\/eventos.frecuenciageek.com\/wp-content\/uploads\/2024\/02\/427555667_928484425946153_1780754591719638744_n.jpg 1600w, https:\/\/eventos.frecuenciageek.com\/wp-content\/uploads\/2024\/02\/427555667_928484425946153_1780754591719638744_n-155x116.jpg 155w, https:\/\/eventos.frecuenciageek.com\/wp-content\/uploads\/2024\/02\/427555667_928484425946153_1780754591719638744_n-756x567.jpg 756w, https:\/\/eventos.frecuenciageek.com\/wp-content\/uploads\/2024\/02\/427555667_928484425946153_1780754591719638744_n-768x576.jpg 768w, https:\/\/eventos.frecuenciageek.com\/wp-content\/uploads\/2024\/02\/427555667_928484425946153_1780754591719638744_n-1536x1152.jpg 1536w, https:\/\/eventos.frecuenciageek.com\/wp-content\/uploads\/2024\/02\/427555667_928484425946153_1780754591719638744_n-630x473.jpg 630w, https:\/\/eventos.frecuenciageek.com\/wp-content\/uploads\/2024\/02\/427555667_928484425946153_1780754591719638744_n-770x578.jpg 770w, https:\/\/eventos.frecuenciageek.com\/wp-content\/uploads\/2024\/02\/427555667_928484425946153_1780754591719638744_n-370x278.jpg 370w\" sizes=\"(max-width: 1200px) 100vw, 1200px\" \/>\t\t\t\t\t\t\t\t\t\t\t\t\t\t\t<\/div>\n\t\t\t\t<\/div>\n\t\t\t\t\t<\/div>\n\t\t<\/div>\n\t\t\t\t<div class=\"elementor-column elementor-col-33 elementor-top-column elementor-element elementor-element-1824ae2\" data-id=\"1824ae2\" data-element_type=\"column\" data-e-type=\"column\">\n\t\t\t<div class=\"elementor-widget-wrap elementor-element-populated\">\n\t\t\t\t\t\t<div class=\"elementor-element elementor-element-42d3a89 elementor-widget elementor-widget-image\" data-id=\"42d3a89\" data-element_type=\"widget\" data-e-type=\"widget\" data-widget_type=\"image.default\">\n\t\t\t\t<div class=\"elementor-widget-container\">\n\t\t\t\t\t\t\t\t\t\t\t\t\t\t\t<img decoding=\"async\" width=\"1200\" height=\"1200\" src=\"https:\/\/eventos.frecuenciageek.com\/wp-content\/uploads\/2024\/02\/425671493_925555402905722_2147360192232538309_n.jpg\" class=\"attachment-large size-large wp-image-3599\" alt=\"\" srcset=\"https:\/\/eventos.frecuenciageek.com\/wp-content\/uploads\/2024\/02\/425671493_925555402905722_2147360192232538309_n.jpg 1200w, https:\/\/eventos.frecuenciageek.com\/wp-content\/uploads\/2024\/02\/425671493_925555402905722_2147360192232538309_n-155x155.jpg 155w, https:\/\/eventos.frecuenciageek.com\/wp-content\/uploads\/2024\/02\/425671493_925555402905722_2147360192232538309_n-756x756.jpg 756w, https:\/\/eventos.frecuenciageek.com\/wp-content\/uploads\/2024\/02\/425671493_925555402905722_2147360192232538309_n-150x150.jpg 150w, https:\/\/eventos.frecuenciageek.com\/wp-content\/uploads\/2024\/02\/425671493_925555402905722_2147360192232538309_n-768x768.jpg 768w, https:\/\/eventos.frecuenciageek.com\/wp-content\/uploads\/2024\/02\/425671493_925555402905722_2147360192232538309_n-630x630.jpg 630w, https:\/\/eventos.frecuenciageek.com\/wp-content\/uploads\/2024\/02\/425671493_925555402905722_2147360192232538309_n-50x50.jpg 50w, https:\/\/eventos.frecuenciageek.com\/wp-content\/uploads\/2024\/02\/425671493_925555402905722_2147360192232538309_n-100x100.jpg 100w, https:\/\/eventos.frecuenciageek.com\/wp-content\/uploads\/2024\/02\/425671493_925555402905722_2147360192232538309_n-600x600.jpg 600w, https:\/\/eventos.frecuenciageek.com\/wp-content\/uploads\/2024\/02\/425671493_925555402905722_2147360192232538309_n-96x96.jpg 96w, https:\/\/eventos.frecuenciageek.com\/wp-content\/uploads\/2024\/02\/425671493_925555402905722_2147360192232538309_n-460x460.jpg 460w, https:\/\/eventos.frecuenciageek.com\/wp-content\/uploads\/2024\/02\/425671493_925555402905722_2147360192232538309_n-370x370.jpg 370w, https:\/\/eventos.frecuenciageek.com\/wp-content\/uploads\/2024\/02\/425671493_925555402905722_2147360192232538309_n-75x75.jpg 75w, https:\/\/eventos.frecuenciageek.com\/wp-content\/uploads\/2024\/02\/425671493_925555402905722_2147360192232538309_n-770x770.jpg 770w\" sizes=\"(max-width: 1200px) 100vw, 1200px\" \/>\t\t\t\t\t\t\t\t\t\t\t\t\t\t\t<\/div>\n\t\t\t\t<\/div>\n\t\t\t\t\t<\/div>\n\t\t<\/div>\n\t\t\t\t<div class=\"elementor-column elementor-col-33 elementor-top-column elementor-element elementor-element-c47c22d\" data-id=\"c47c22d\" data-element_type=\"column\" data-e-type=\"column\">\n\t\t\t<div class=\"elementor-widget-wrap elementor-element-populated\">\n\t\t\t\t\t\t<div class=\"elementor-element elementor-element-1f6752e elementor-widget__width-initial elementor-widget elementor-widget-image\" data-id=\"1f6752e\" data-element_type=\"widget\" data-e-type=\"widget\" data-widget_type=\"image.default\">\n\t\t\t\t<div class=\"elementor-widget-container\">\n\t\t\t\t\t\t\t\t\t\t\t\t\t\t\t<img decoding=\"async\" width=\"1200\" height=\"900\" src=\"https:\/\/eventos.frecuenciageek.com\/wp-content\/uploads\/2023\/11\/ab30f317-800b-40e9-9545-1bea1ff52a2d.jpg\" class=\"attachment-large size-large wp-image-2533\" alt=\"\" srcset=\"https:\/\/eventos.frecuenciageek.com\/wp-content\/uploads\/2023\/11\/ab30f317-800b-40e9-9545-1bea1ff52a2d.jpg 1280w, https:\/\/eventos.frecuenciageek.com\/wp-content\/uploads\/2023\/11\/ab30f317-800b-40e9-9545-1bea1ff52a2d-155x116.jpg 155w, https:\/\/eventos.frecuenciageek.com\/wp-content\/uploads\/2023\/11\/ab30f317-800b-40e9-9545-1bea1ff52a2d-756x567.jpg 756w, https:\/\/eventos.frecuenciageek.com\/wp-content\/uploads\/2023\/11\/ab30f317-800b-40e9-9545-1bea1ff52a2d-768x576.jpg 768w, https:\/\/eventos.frecuenciageek.com\/wp-content\/uploads\/2023\/11\/ab30f317-800b-40e9-9545-1bea1ff52a2d-630x473.jpg 630w, https:\/\/eventos.frecuenciageek.com\/wp-content\/uploads\/2023\/11\/ab30f317-800b-40e9-9545-1bea1ff52a2d-770x578.jpg 770w, https:\/\/eventos.frecuenciageek.com\/wp-content\/uploads\/2023\/11\/ab30f317-800b-40e9-9545-1bea1ff52a2d-370x278.jpg 370w\" sizes=\"(max-width: 1200px) 100vw, 1200px\" \/>\t\t\t\t\t\t\t\t\t\t\t\t\t\t\t<\/div>\n\t\t\t\t<\/div>\n\t\t\t\t\t<\/div>\n\t\t<\/div>\n\t\t\t\t\t<\/div>\n\t\t<\/section>\n\t\t\t\t<section class=\"elementor-section elementor-top-section elementor-element elementor-element-e64775b elementor-section-boxed elementor-section-height-default elementor-section-height-default rt-parallax-bg-no\" data-id=\"e64775b\" data-element_type=\"section\" data-e-type=\"section\">\n\t\t\t\t\t\t<div class=\"elementor-container elementor-column-gap-default\">\n\t\t\t\t\t<div class=\"elementor-column elementor-col-33 elementor-top-column elementor-element elementor-element-48c2c8c\" data-id=\"48c2c8c\" data-element_type=\"column\" data-e-type=\"column\">\n\t\t\t<div class=\"elementor-widget-wrap elementor-element-populated\">\n\t\t\t\t\t\t<div class=\"elementor-element elementor-element-ad5bf4f elementor-widget elementor-widget-text-editor\" data-id=\"ad5bf4f\" data-element_type=\"widget\" data-e-type=\"widget\" data-widget_type=\"text-editor.default\">\n\t\t\t\t<div class=\"elementor-widget-container\">\n\t\t\t\t\t\t\t\t\t<p><\/p>\n<p><br><\/p><p><span style=\"background-color: var(--background); font-family: var(--e-global-typography-text-font-family);\">En<\/span><strong style=\"color: rgb(0, 0, 0); background-color: var(--background); font-family: var(--e-global-typography-text-font-family);\"> Eventos Frecuencia Geek <\/strong><span style=\"background-color: var(--background); font-family: var(--e-global-typography-text-font-family);\">nos encargamos de organizar, planificar y darle la mejor experiencia a los fans del <\/span><strong style=\"color: rgb(0, 0, 0); background-color: var(--background); font-family: var(--e-global-typography-text-font-family);\">Kpop, Jpop y del Mundo Geek<\/strong><span style=\"background-color: var(--background); font-family: var(--e-global-typography-text-font-family);\">&nbsp;en <\/span><b style=\"background-color: var(--background); font-family: var(--e-global-typography-text-font-family);\">funciones especiales de cine y fiestas<\/b><span style=\"background-color: var(--background); font-family: var(--e-global-typography-text-font-family);\">.&nbsp;<\/span><br><\/p>\n<p>Contamos con m\u00e1s de <strong>8 a\u00f1os de trayectoria<\/strong>, hemos realizado eventos en <strong>Cin\u00e9polis, Cinemex, Cinebox, Cinedot, Cinetop, Cinetix y Rio Cinemas.<\/strong><\/p>\n<p>Adem\u00e1s, hemos apoyado a las siguientes <strong>fan bases<\/strong> Bangkanda Forever, Exo Power M\u00e9xico, 7 BTS ARMY MEXICO, Blackpink M\u00e9xico Uni\u00f3n y TXT M\u00e9xico, en sus proyectos.<\/p>\n<p>Para cualquier duda o sugerencia nos puedes contactar v\u00eda<strong> Whatsapp <\/strong>al <span style=\"background-color: var(--background);\"><b>55 5907 6352 o al correo electr\u00f3nico eventos@frecuenciageek.com<\/b><\/span><\/p>\n<p><\/p>\t\t\t\t\t\t\t\t<\/div>\n\t\t\t\t<\/div>\n\t\t\t\t\t<\/div>\n\t\t<\/div>\n\t\t\t\t<div class=\"elementor-column elementor-col-33 elementor-top-column elementor-element elementor-element-a6c57e5\" data-id=\"a6c57e5\" data-element_type=\"column\" data-e-type=\"column\">\n\t\t\t<div class=\"elementor-widget-wrap\">\n\t\t\t\t\t\t\t<\/div>\n\t\t<\/div>\n\t\t\t\t<div class=\"elementor-column elementor-col-33 elementor-top-column elementor-element elementor-element-2c3772f\" data-id=\"2c3772f\" data-element_type=\"column\" data-e-type=\"column\">\n\t\t\t<div class=\"elementor-widget-wrap elementor-element-populated\">\n\t\t\t\t\t\t<div class=\"elementor-element elementor-element-18d42e6 elementor-widget elementor-widget-heading\" data-id=\"18d42e6\" data-element_type=\"widget\" data-e-type=\"widget\" data-widget_type=\"heading.default\">\n\t\t\t\t<div class=\"elementor-widget-container\">\n\t\t\t\t\t<h2 class=\"elementor-heading-title elementor-size-default\">CONT\u00c1CTANOS<\/h2>\t\t\t\t<\/div>\n\t\t\t\t<\/div>\n\t\t\t\t<div class=\"elementor-element elementor-element-e919e1b elementor-button-align-stretch elementor-widget elementor-widget-form\" data-id=\"e919e1b\" data-element_type=\"widget\" data-e-type=\"widget\" data-settings=\"{&quot;step_next_label&quot;:&quot;Next&quot;,&quot;step_previous_label&quot;:&quot;Previous&quot;,&quot;button_width&quot;:&quot;100&quot;,&quot;step_type&quot;:&quot;number_text&quot;,&quot;step_icon_shape&quot;:&quot;circle&quot;}\" data-widget_type=\"form.default\">\n\t\t\t\t<div class=\"elementor-widget-container\">\n\t\t\t\t\t\t\t<form class=\"elementor-form\" method=\"post\" name=\"Formulario Eventos FG\">\n\t\t\t<input type=\"hidden\" name=\"post_id\" value=\"4211\"\/>\n\t\t\t<input type=\"hidden\" name=\"form_id\" value=\"e919e1b\"\/>\n\t\t\t<input type=\"hidden\" name=\"referer_title\" value=\"\" \/>\n\n\t\t\t\n\t\t\t<div class=\"elementor-form-fields-wrapper elementor-labels-above\">\n\t\t\t\t\t\t\t\t<div class=\"elementor-field-type-text elementor-field-group elementor-column elementor-field-group-name elementor-col-100\">\n\t\t\t\t\t\t\t\t\t\t\t\t<label for=\"form-field-name\" class=\"elementor-field-label\">\n\t\t\t\t\t\t\t\tNombre\t\t\t\t\t\t\t<\/label>\n\t\t\t\t\t\t\t\t\t\t\t\t\t\t<input size=\"1\" type=\"text\" name=\"form_fields[name]\" id=\"form-field-name\" class=\"elementor-field elementor-size-sm  elementor-field-textual\">\n\t\t\t\t\t\t\t\t\t\t\t<\/div>\n\t\t\t\t\t\t\t\t<div class=\"elementor-field-type-email elementor-field-group elementor-column elementor-field-group-email elementor-col-100 elementor-field-required\">\n\t\t\t\t\t\t\t\t\t\t\t\t<label for=\"form-field-email\" class=\"elementor-field-label\">\n\t\t\t\t\t\t\t\tCorreo electr\u00f3nico\t\t\t\t\t\t\t<\/label>\n\t\t\t\t\t\t\t\t\t\t\t\t\t\t<input size=\"1\" type=\"email\" name=\"form_fields[email]\" id=\"form-field-email\" class=\"elementor-field elementor-size-sm  elementor-field-textual\" required=\"required\" aria-required=\"true\">\n\t\t\t\t\t\t\t\t\t\t\t<\/div>\n\t\t\t\t\t\t\t\t<div class=\"elementor-field-type-textarea elementor-field-group elementor-column elementor-field-group-message elementor-col-100\">\n\t\t\t\t\t\t\t\t\t\t\t\t<label for=\"form-field-message\" class=\"elementor-field-label\">\n\t\t\t\t\t\t\t\tMensaje\t\t\t\t\t\t\t<\/label>\n\t\t\t\t\t\t<textarea class=\"elementor-field-textual elementor-field  elementor-size-sm\" name=\"form_fields[message]\" id=\"form-field-message\" rows=\"4\"><\/textarea>\t\t\t\t<\/div>\n\t\t\t\t\t\t\t\t<div class=\"elementor-field-group elementor-column elementor-field-type-submit elementor-col-100 e-form__buttons\">\n\t\t\t\t\t<button type=\"submit\" class=\"elementor-button elementor-size-sm\">\n\t\t\t\t\t\t<span >\n\t\t\t\t\t\t\t\t\t\t\t\t\t\t\t<span class=\" elementor-button-icon\">\n\t\t\t\t\t\t\t\t\t\t\t\t\t\t\t\t\t\t\t\t\t\t\t\t\t\t<\/span>\n\t\t\t\t\t\t\t\t\t\t\t\t\t\t\t\t\t\t\t\t\t\t<span class=\"elementor-button-text\">Enviar<\/span>\n\t\t\t\t\t\t\t\t\t\t\t\t\t<\/span>\n\t\t\t\t\t<\/button>\n\t\t\t\t<\/div>\n\t\t\t<\/div>\n\t\t<\/form>\n\t\t\t\t\t\t<\/div>\n\t\t\t\t<\/div>\n\t\t\t\t\t<\/div>\n\t\t<\/div>\n\t\t\t\t\t<\/div>\n\t\t<\/section>\n\t\t\t\t<section class=\"elementor-section elementor-top-section elementor-element elementor-element-ac8095f elementor-section-boxed elementor-section-height-default elementor-section-height-default rt-parallax-bg-no\" data-id=\"ac8095f\" data-element_type=\"section\" data-e-type=\"section\">\n\t\t\t\t\t\t<div class=\"elementor-container elementor-column-gap-default\">\n\t\t\t\t\t<div class=\"elementor-column elementor-col-50 elementor-top-column elementor-element elementor-element-5b276a7\" data-id=\"5b276a7\" data-element_type=\"column\" data-e-type=\"column\">\n\t\t\t<div class=\"elementor-widget-wrap elementor-element-populated\">\n\t\t\t\t\t\t<div class=\"elementor-element elementor-element-aec34a7 elementor-widget elementor-widget-video\" data-id=\"aec34a7\" data-element_type=\"widget\" data-e-type=\"widget\" data-settings=\"{&quot;youtube_url&quot;:&quot;https:\\\/\\\/youtu.be\\\/NobKkrk5yLk&quot;,&quot;autoplay&quot;:&quot;yes&quot;,&quot;play_on_mobile&quot;:&quot;yes&quot;,&quot;mute&quot;:&quot;yes&quot;,&quot;loop&quot;:&quot;yes&quot;,&quot;yt_privacy&quot;:&quot;yes&quot;,&quot;video_type&quot;:&quot;youtube&quot;}\" data-widget_type=\"video.default\">\n\t\t\t\t<div class=\"elementor-widget-container\">\n\t\t\t\t\t\t\t<div class=\"elementor-wrapper elementor-open-inline\">\n\t\t\t<div class=\"elementor-video\"><\/div>\t\t<\/div>\n\t\t\t\t\t\t<\/div>\n\t\t\t\t<\/div>\n\t\t\t\t\t<\/div>\n\t\t<\/div>\n\t\t\t\t<div class=\"elementor-column elementor-col-50 elementor-top-column elementor-element elementor-element-c94dadc\" data-id=\"c94dadc\" data-element_type=\"column\" data-e-type=\"column\">\n\t\t\t<div class=\"elementor-widget-wrap elementor-element-populated\">\n\t\t\t\t\t\t<div class=\"elementor-element elementor-element-98d83cd elementor-widget elementor-widget-image\" data-id=\"98d83cd\" data-element_type=\"widget\" data-e-type=\"widget\" data-widget_type=\"image.default\">\n\t\t\t\t<div class=\"elementor-widget-container\">\n\t\t\t\t\t\t\t\t\t\t\t\t\t\t\t<img loading=\"lazy\" decoding=\"async\" width=\"1200\" height=\"900\" src=\"https:\/\/eventos.frecuenciageek.com\/wp-content\/uploads\/2024\/04\/67567567.jpg\" class=\"attachment-large size-large wp-image-5708\" alt=\"\" srcset=\"https:\/\/eventos.frecuenciageek.com\/wp-content\/uploads\/2024\/04\/67567567.jpg 1600w, https:\/\/eventos.frecuenciageek.com\/wp-content\/uploads\/2024\/04\/67567567-155x116.jpg 155w, https:\/\/eventos.frecuenciageek.com\/wp-content\/uploads\/2024\/04\/67567567-756x567.jpg 756w, https:\/\/eventos.frecuenciageek.com\/wp-content\/uploads\/2024\/04\/67567567-768x576.jpg 768w, https:\/\/eventos.frecuenciageek.com\/wp-content\/uploads\/2024\/04\/67567567-1536x1152.jpg 1536w, https:\/\/eventos.frecuenciageek.com\/wp-content\/uploads\/2024\/04\/67567567-630x473.jpg 630w, https:\/\/eventos.frecuenciageek.com\/wp-content\/uploads\/2024\/04\/67567567-700x525.jpg 700w, https:\/\/eventos.frecuenciageek.com\/wp-content\/uploads\/2024\/04\/67567567-500x375.jpg 500w, https:\/\/eventos.frecuenciageek.com\/wp-content\/uploads\/2024\/04\/67567567-800x600.jpg 800w, https:\/\/eventos.frecuenciageek.com\/wp-content\/uploads\/2024\/04\/67567567-770x578.jpg 770w, https:\/\/eventos.frecuenciageek.com\/wp-content\/uploads\/2024\/04\/67567567-370x278.jpg 370w\" sizes=\"(max-width: 1200px) 100vw, 1200px\" \/>\t\t\t\t\t\t\t\t\t\t\t\t\t\t\t<\/div>\n\t\t\t\t<\/div>\n\t\t\t\t\t<\/div>\n\t\t<\/div>\n\t\t\t\t\t<\/div>\n\t\t<\/section>\n\t\t\t\t<\/div>\n\t\t","protected":false},"excerpt":{"rendered":"<p>En Eventos Frecuencia Geek nos encargamos de organizar, planificar y darle la mejor experiencia a los fans del Kpop, Jpop y del Mundo Geek&nbsp;en funciones especiales de cine y fiestas.&nbsp; Contamos con m\u00e1s de 8 a\u00f1os de trayectoria, hemos realizado eventos en Cin\u00e9polis, Cinemex, Cinebox, Cinedot, Cinetop, Cinetix y Rio Cinemas. Adem\u00e1s, hemos apoyado a [&hellip;]<\/p>\n","protected":false},"author":1,"featured_media":0,"parent":0,"menu_order":0,"comment_status":"closed","ping_status":"closed","template":"","meta":{"inline_featured_image":false,"footnotes":""},"class_list":["post-4211","page","type-page","status-publish","hentry"],"_links":{"self":[{"href":"https:\/\/eventos.frecuenciageek.com\/index.php\/wp-json\/wp\/v2\/pages\/4211","targetHints":{"allow":["GET"]}}],"collection":[{"href":"https:\/\/eventos.frecuenciageek.com\/index.php\/wp-json\/wp\/v2\/pages"}],"about":[{"href":"https:\/\/eventos.frecuenciageek.com\/index.php\/wp-json\/wp\/v2\/types\/page"}],"author":[{"embeddable":true,"href":"https:\/\/eventos.frecuenciageek.com\/index.php\/wp-json\/wp\/v2\/users\/1"}],"replies":[{"embeddable":true,"href":"https:\/\/eventos.frecuenciageek.com\/index.php\/wp-json\/wp\/v2\/comments?post=4211"}],"version-history":[{"count":61,"href":"https:\/\/eventos.frecuenciageek.com\/index.php\/wp-json\/wp\/v2\/pages\/4211\/revisions"}],"predecessor-version":[{"id":5936,"href":"https:\/\/eventos.frecuenciageek.com\/index.php\/wp-json\/wp\/v2\/pages\/4211\/revisions\/5936"}],"wp:attachment":[{"href":"https:\/\/eventos.frecuenciageek.com\/index.php\/wp-json\/wp\/v2\/media?parent=4211"}],"curies":[{"name":"wp","href":"https:\/\/api.w.org\/{rel}","templated":true}]}}