{"id":545,"date":"2022-09-07T02:30:07","date_gmt":"2022-09-07T02:30:07","guid":{"rendered":"https:\/\/eventos.frecuenciageek.com\/?page_id=545"},"modified":"2022-09-07T02:30:07","modified_gmt":"2022-09-07T02:30:07","slug":"politica-de-privacidad","status":"publish","type":"page","link":"https:\/\/eventos.frecuenciageek.com\/index.php\/politica-de-privacidad\/","title":{"rendered":"Pol\u00edtica de privacidad"},"content":{"rendered":"<p>Esta pol\u00edtica de privacidad establece la manera en que\u00a0<strong>Frecuencia Geek<\/strong>\u00a0utiliza y protege cualquier informaci\u00f3n otorgada a nuestro sitio web.<\/p>\n<p><strong>Frecuencia Geek<\/strong>\u00a0se compromete a garantizar que su privacidad est\u00e9 protegida. Si le pedimos que proporcione cierta informaci\u00f3n para que pueda ser identificado cuando utiliza este sitio web, usted puede estar seguro de que s\u00f3lo se utilizar\u00e1 de acuerdo con esta declaraci\u00f3n de privacidad.<\/p>\n<p><strong>Frecuencia Geek<\/strong>\u00a0puede cambiar esta pol\u00edtica de vez en cuando por la actualizaci\u00f3n de esta p\u00e1gina. Usted debe visitar esta p\u00e1gina de vez en cuando para asegurarse de que est\u00e1 satisfecho con los cambios. Esta pol\u00edtica es efectiva a partir del\u00a0<strong>23 de abril de 2015<\/strong>.<\/p>\n<p><strong>Frecuencia Geek recopila y almacena s\u00f3lo la siguiente informaci\u00f3n:<\/strong><\/p>\n<p>1.- Nombre y apellidos.<br \/>\n2.- Informaci\u00f3n de contacto incluyendo direcci\u00f3n de correo electr\u00f3nico.<br \/>\n3.- Informaci\u00f3n demogr\u00e1fica como c\u00f3digo postal, preferencias e intereses.<br \/>\n4.- Informaci\u00f3n para encuestas.<\/p>\n<p><strong>\u00bfQu\u00e9 hacemos con la informaci\u00f3n que recopilamos?<\/strong><\/p>\n<p>Necesitamos esta informaci\u00f3n para comprender sus necesidades y brindarle un mejor servicio, y en particular por las siguientes razones:<\/p>\n<p>1.- Para mejorar nuestros servicios.<br \/>\n2.- Para enviarles correos electr\u00f3nicos de promociones a la direcci\u00f3n de correo electr\u00f3nico que usted ha proporcionado sobre nuevos productos, ofertas especiales u otra informaci\u00f3n que pensamos que puede resultar interesante.<br \/>\n3.- De vez en cuando, tambi\u00e9n podemos utilizar su informaci\u00f3n para comunicarnos con usted para fines de investigaci\u00f3n de mercado o para personalizar el sitio web de acuerdo a sus intereses.<br \/>\n<strong><br \/>\nSeguridad<\/strong><\/p>\n<p>Estamos comprometidos en garantizar que su informaci\u00f3n est\u00e1 segura. Con el fin de evitar el acceso no autorizado o divulgaci\u00f3n la hemos puesto en un lugar adecuado, y disponemos de los procedimientos f\u00edsicos, electr\u00f3nicos y administrativos para salvaguardar y asegurar la informaci\u00f3n que recopilamos en l\u00ednea.<br \/>\n<strong><br \/>\n\u00bfC\u00f3mo utilizamos las cookies?<\/strong><\/p>\n<p>Una cookie es un peque\u00f1o archivo que pide permiso para ser colocado en el disco duro de su ordenador. Una vez que usted est\u00e1 de acuerdo, el archivo se agrega y la cookie ayuda a analizar el tr\u00e1fico web o le permite saber cu\u00e1ndo visita un sitio en particular.<\/p>\n<p>Las cookies permiten que las aplicaciones web respondan de usted como individuo. La aplicaci\u00f3n web puede adaptar sus operaciones a sus necesidades, gustos y disgustos por reunir y recordar la informaci\u00f3n acerca de sus preferencias.<\/p>\n<p>Utilizamos cookies de registro de tr\u00e1fico para identificar qu\u00e9 p\u00e1ginas se est\u00e1n utilizando. Esto nos ayuda a analizar datos sobre el tr\u00e1fico de p\u00e1ginas web y mejorar nuestro sitio web para adaptarlo a las necesidades del cliente. S\u00f3lo utilizamos esta informaci\u00f3n para fines de an\u00e1lisis estad\u00edstico y luego los datos son eliminados del sistema.<\/p>\n<p>En general, las cookies nos ayudan a ofrecerle un mejor sitio web, por lo que nos permite controlar las p\u00e1ginas que encuentra \u00fatiles y cu\u00e1les no. Una cookie no nos da acceso a su computadora o a cualquier informaci\u00f3n sobre usted, excepto los datos que usted decida compartir con nosotros.<\/p>\n<p>Puede elegir entre aceptar o rechazar las cookies. La mayor\u00eda de los navegadores web aceptan las cookies autom\u00e1ticamente , pero usted puede modificar la configuraci\u00f3n del explorador para rechazar las cookies si lo prefiere. Esto puede evitar que usted reciba todos los beneficios de la p\u00e1gina web.<\/p>\n<p><strong>Los enlaces a otros sitios web<\/strong><\/p>\n<p>Nuestro sitio web puede contener enlaces a otros sitios de inter\u00e9s. Sin embargo, una vez que ha utilizado estos enlaces para salir de nuestro sitio, debe tener en cuenta que no tenemos ning\u00fan control sobre ese otro sitio web.<\/p>\n<p>Por lo tanto, no podemos ser responsables de la protecci\u00f3n y la privacidad de cualquier informaci\u00f3n que usted proporcione al visitar dichos sitios y estos sitios no se rigen por la presente declaraci\u00f3n de privacidad. Usted debe tener cuidado y leer la declaraci\u00f3n de privacidad aplicable al sitio web en cuesti\u00f3n.<br \/>\n<strong><br \/>\nEl control de su informaci\u00f3n personal<\/strong><\/p>\n<p>Usted puede optar por restringir la recopilaci\u00f3n o el uso de su informaci\u00f3n personal de las siguientes maneras:<\/p>\n<p>1.- Cada vez que se le pide que rellene un formulario en el sitio web, solo complete los datos que usted nos quiera proporcionar, solo son obligatorios el nombre y el correo electr\u00f3nico, si le pedimos m\u00e1s datos, usted es libre de no completarlos.<br \/>\n2.-Al ingresar tus datos en los formularios, quedar\u00e1s inscrito en nuestra base de datos y comenzaras a recibir mensajes peri\u00f3dicamente con informaci\u00f3n de nuestras actualizaciones de nuestro portal de Internet, al final de cada mensaje tienes un enlace en caso de que decidas cancelar la suscripci\u00f3n a estas.<br \/>\n3.- No vamos a vender, distribuir o ceder su informaci\u00f3n personal a terceros a menos que tengamos su permiso o estemos obligados por ley a hacerlo.<\/p>\n<p>Usted puede solicitar los detalles de la informaci\u00f3n personal que tenemos sobre usted en virtud de la Ley de protecci\u00f3n de datos de 2010. Si desea una copia de la informaci\u00f3n que tenemos sobre usted por favor escriba a\u00a0<strong>contacto@frecuenciageek.com<\/strong><\/p>\n<p>Si usted cree que cualquier informaci\u00f3n que tenemos sobre usted es incorrecta o incompleta, por favor escriba o env\u00edenos un correo electr\u00f3nico tan pronto como sea posible, a la direcci\u00f3n antes mencionada. A la brevedad se corregir\u00e1 cualquier informaci\u00f3n que resulte ser incorrecta.<\/p>\n","protected":false},"excerpt":{"rendered":"<p>Esta pol\u00edtica de privacidad establece la manera en que\u00a0Frecuencia Geek\u00a0utiliza y protege cualquier informaci\u00f3n otorgada a nuestro sitio web. Frecuencia Geek\u00a0se compromete a garantizar que su privacidad est\u00e9 protegida. Si le pedimos que proporcione cierta informaci\u00f3n para que pueda ser identificado cuando utiliza este sitio web, usted puede estar seguro de que s\u00f3lo se utilizar\u00e1 [&hellip;]<\/p>\n","protected":false},"author":1,"featured_media":0,"parent":0,"menu_order":0,"comment_status":"closed","ping_status":"closed","template":"","meta":{"inline_featured_image":false,"footnotes":""},"class_list":["post-545","page","type-page","status-publish","hentry"],"_links":{"self":[{"href":"https:\/\/eventos.frecuenciageek.com\/index.php\/wp-json\/wp\/v2\/pages\/545","targetHints":{"allow":["GET"]}}],"collection":[{"href":"https:\/\/eventos.frecuenciageek.com\/index.php\/wp-json\/wp\/v2\/pages"}],"about":[{"href":"https:\/\/eventos.frecuenciageek.com\/index.php\/wp-json\/wp\/v2\/types\/page"}],"author":[{"embeddable":true,"href":"https:\/\/eventos.frecuenciageek.com\/index.php\/wp-json\/wp\/v2\/users\/1"}],"replies":[{"embeddable":true,"href":"https:\/\/eventos.frecuenciageek.com\/index.php\/wp-json\/wp\/v2\/comments?post=545"}],"version-history":[{"count":1,"href":"https:\/\/eventos.frecuenciageek.com\/index.php\/wp-json\/wp\/v2\/pages\/545\/revisions"}],"predecessor-version":[{"id":546,"href":"https:\/\/eventos.frecuenciageek.com\/index.php\/wp-json\/wp\/v2\/pages\/545\/revisions\/546"}],"wp:attachment":[{"href":"https:\/\/eventos.frecuenciageek.com\/index.php\/wp-json\/wp\/v2\/media?parent=545"}],"curies":[{"name":"wp","href":"https:\/\/api.w.org\/{rel}","templated":true}]}}