{"id":9877,"date":"2024-10-17T14:45:35","date_gmt":"2024-10-17T19:45:35","guid":{"rendered":"https:\/\/eventos.frecuenciageek.com\/?page_id=9877"},"modified":"2024-10-17T14:55:13","modified_gmt":"2024-10-17T19:55:13","slug":"politica-de-reembolso","status":"publish","type":"page","link":"https:\/\/eventos.frecuenciageek.com\/index.php\/politica-de-reembolso\/","title":{"rendered":"Pol\u00edtica de reembolso"},"content":{"rendered":"<p><strong>Los reembolsos<\/strong> solo aplican en caso de que <strong>el evento se haya cancelado<\/strong>, por lo cual se le contactara al comprador v\u00eda Whatsapp y por correo electr\u00f3nico, para iniciar el proceso de devoluci\u00f3n.<\/p>\n","protected":false},"excerpt":{"rendered":"<p>Los reembolsos solo aplican en caso de que el evento se haya cancelado, por lo cual se le contactara al comprador v\u00eda Whatsapp y por correo electr\u00f3nico, para iniciar el proceso de devoluci\u00f3n.<\/p>\n","protected":false},"author":1,"featured_media":0,"parent":0,"menu_order":0,"comment_status":"closed","ping_status":"closed","template":"","meta":{"inline_featured_image":false,"footnotes":""},"class_list":["post-9877","page","type-page","status-publish","hentry"],"_links":{"self":[{"href":"https:\/\/eventos.frecuenciageek.com\/index.php\/wp-json\/wp\/v2\/pages\/9877","targetHints":{"allow":["GET"]}}],"collection":[{"href":"https:\/\/eventos.frecuenciageek.com\/index.php\/wp-json\/wp\/v2\/pages"}],"about":[{"href":"https:\/\/eventos.frecuenciageek.com\/index.php\/wp-json\/wp\/v2\/types\/page"}],"author":[{"embeddable":true,"href":"https:\/\/eventos.frecuenciageek.com\/index.php\/wp-json\/wp\/v2\/users\/1"}],"replies":[{"embeddable":true,"href":"https:\/\/eventos.frecuenciageek.com\/index.php\/wp-json\/wp\/v2\/comments?post=9877"}],"version-history":[{"count":3,"href":"https:\/\/eventos.frecuenciageek.com\/index.php\/wp-json\/wp\/v2\/pages\/9877\/revisions"}],"predecessor-version":[{"id":9886,"href":"https:\/\/eventos.frecuenciageek.com\/index.php\/wp-json\/wp\/v2\/pages\/9877\/revisions\/9886"}],"wp:attachment":[{"href":"https:\/\/eventos.frecuenciageek.com\/index.php\/wp-json\/wp\/v2\/media?parent=9877"}],"curies":[{"name":"wp","href":"https:\/\/api.w.org\/{rel}","templated":true}]}}